{"id":21,"date":"2025-05-30T08:00:18","date_gmt":"2025-05-30T05:00:18","guid":{"rendered":"http:\/\/3adanismanlik.com\/?page_id=21"},"modified":"2025-06-01T11:32:55","modified_gmt":"2025-06-01T08:32:55","slug":"kurumsal","status":"publish","type":"page","link":"https:\/\/3adanismanlik.com\/index.php\/kurumsal\/","title":{"rendered":"KURUMSAL"},"content":{"rendered":"\n\t<div class=\"img has-hover x md-x lg-x y md-y lg-y\" id=\"image_1548613966\">\n\t\t\t\t\t\t\t\t<div class=\"img-inner dark\" >\n\t\t\t<img loading=\"lazy\" decoding=\"async\" width=\"1020\" height=\"574\" src=\"https:\/\/3adanismanlik.com\/wp-content\/uploads\/2025\/06\/Kurumsal-Teknik-Destek-ve-Bakim-Anlasmasi-Sayfa-1024x576.jpg\" class=\"attachment-large size-large\" alt=\"\" srcset=\"https:\/\/3adanismanlik.com\/wp-content\/uploads\/2025\/06\/Kurumsal-Teknik-Destek-ve-Bakim-Anlasmasi-Sayfa-1024x576.jpg 1024w, https:\/\/3adanismanlik.com\/wp-content\/uploads\/2025\/06\/Kurumsal-Teknik-Destek-ve-Bakim-Anlasmasi-Sayfa-300x169.jpg 300w, https:\/\/3adanismanlik.com\/wp-content\/uploads\/2025\/06\/Kurumsal-Teknik-Destek-ve-Bakim-Anlasmasi-Sayfa-768x432.jpg 768w, https:\/\/3adanismanlik.com\/wp-content\/uploads\/2025\/06\/Kurumsal-Teknik-Destek-ve-Bakim-Anlasmasi-Sayfa-1536x864.jpg 1536w, https:\/\/3adanismanlik.com\/wp-content\/uploads\/2025\/06\/Kurumsal-Teknik-Destek-ve-Bakim-Anlasmasi-Sayfa.jpg 1920w\" sizes=\"auto, (max-width: 1020px) 100vw, 1020px\" \/>\t\t\t\t\t\t\n\t\t\t\t\t<\/div>\n\t\t\t\t\t\t\t\t\n<style>\n#image_1548613966 {\n  width: 100%;\n}\n<\/style>\n\t<\/div>\n\t\n\n<h3 data-start=\"152\" data-end=\"202\"><strong data-start=\"156\" data-end=\"202\">3A Dan\u0131\u015fmanl\u0131k \u2013 Stratejik \u00c7\u00f6z\u00fcm Orta\u011f\u0131n\u0131z<\/strong><\/h3>\n<p data-start=\"204\" data-end=\"546\">3A Dan\u0131\u015fmanl\u0131k, yerel ve uluslararas\u0131 \u00f6l\u00e7ekte faaliyet g\u00f6steren firmalara <strong data-start=\"278\" data-end=\"359\">y\u00f6netim, finans, emlak ve \u00f6zel sekt\u00f6rlerde uzmanla\u015fm\u0131\u015f dan\u0131\u015fmanl\u0131k hizmetleri<\/strong> sunmak amac\u0131yla kurulmu\u015ftur. Her biri kendi alan\u0131nda deneyimli uzmanlardan olu\u015fan ekibimizle; i\u015fletmelerin kar\u015f\u0131la\u015ft\u0131\u011f\u0131 karma\u015f\u0131k sorunlara analitik ve s\u00fcrd\u00fcr\u00fclebilir \u00e7\u00f6z\u00fcmler \u00fcretiyoruz.<\/p>\n<p data-start=\"548\" data-end=\"592\">Hizmet verdi\u011fimiz ba\u015fl\u0131ca alanlar \u015funlard\u0131r:<\/p>\n<ul data-start=\"594\" data-end=\"1342\">\n<li data-start=\"594\" data-end=\"719\">\n<p data-start=\"596\" data-end=\"719\"><strong data-start=\"596\" data-end=\"630\">Y\u00f6netim ve Proje Dan\u0131\u015fmanl\u0131\u011f\u0131:<\/strong> \u015eirketlerin b\u00fcy\u00fcme, kurumsalla\u015fma ve yeniden yap\u0131lanma s\u00fcre\u00e7lerinde stratejik rehberlik.<\/p>\n<\/li>\n<li data-start=\"720\" data-end=\"833\">\n<p data-start=\"722\" data-end=\"833\"><strong data-start=\"722\" data-end=\"747\">Finansal Dan\u0131\u015fmanl\u0131k:<\/strong> Yat\u0131r\u0131m analizi, mali yap\u0131land\u0131rma ve kaynak y\u00f6netimi konular\u0131nda profesyonel destek.<\/p>\n<\/li>\n<li data-start=\"834\" data-end=\"955\">\n<p data-start=\"836\" data-end=\"955\"><strong data-start=\"836\" data-end=\"874\">Emlak ve Gayrimenkul Dan\u0131\u015fmanl\u0131\u011f\u0131:<\/strong> Arsa, konut, ticari m\u00fclk al\u0131m-sat\u0131m s\u00fcre\u00e7lerinde arac\u0131l\u0131k ve yat\u0131r\u0131m rehberli\u011fi.<\/p>\n<\/li>\n<li data-start=\"956\" data-end=\"1089\">\n<p data-start=\"958\" data-end=\"1089\"><strong data-start=\"958\" data-end=\"1003\">Uluslararas\u0131 Fuar ve Kongre Dan\u0131\u015fmanl\u0131\u011f\u0131:<\/strong> Turizm ve organizasyon sekt\u00f6rlerine y\u00f6nelik global d\u00fczeyde planlama ve i\u015f geli\u015ftirme.<\/p>\n<\/li>\n<li data-start=\"1090\" data-end=\"1194\">\n<p data-start=\"1092\" data-end=\"1194\"><strong data-start=\"1092\" data-end=\"1123\">Kimya Sekt\u00f6r\u00fc Dan\u0131\u015fmanl\u0131\u011f\u0131:<\/strong> \u00dcretim, pazarlama ve teknik s\u00fcre\u00e7lere y\u00f6nelik end\u00fcstriyel dan\u0131\u015fmanl\u0131k.<\/p>\n<\/li>\n<li data-start=\"1195\" data-end=\"1342\">\n<p data-start=\"1197\" data-end=\"1342\"><strong data-start=\"1197\" data-end=\"1236\">Akrep Zehri \u00dcretimi ve Pazarlamas\u0131:<\/strong> Nadir ve stratejik bir sekt\u00f6r olan akrep zehri alan\u0131nda yat\u0131r\u0131m, \u00fcretim ve ihracat s\u00fcre\u00e7lerine rehberlik.<\/p>\n<\/li>\n<\/ul>\n<p data-start=\"1344\" data-end=\"1511\">M\u00fc\u015fterilerimizin sadece bug\u00fcnk\u00fc ihtiya\u00e7lar\u0131na de\u011fil, gelecekteki hedeflerine de odaklanarak; g\u00fcvenilir, \u015feffaf ve s\u00fcrd\u00fcr\u00fclebilir i\u015f birlikleri kurmay\u0131 ilke ediniyoruz.<\/p>\n<p data-start=\"1513\" data-end=\"1605\"><strong data-start=\"1513\" data-end=\"1605\">3A Dan\u0131\u015fmanl\u0131k \u2013 G\u00fcvenilir bilginin, stratejik akl\u0131n ve s\u00fcrd\u00fcr\u00fclebilir ba\u015far\u0131n\u0131n adresi.<\/strong><\/p>\n\n","protected":false},"excerpt":{"rendered":"","protected":false},"author":1,"featured_media":0,"parent":0,"menu_order":0,"comment_status":"closed","ping_status":"closed","template":"","meta":{"footnotes":""},"class_list":["post-21","page","type-page","status-publish","hentry"],"_links":{"self":[{"href":"https:\/\/3adanismanlik.com\/index.php\/wp-json\/wp\/v2\/pages\/21","targetHints":{"allow":["GET"]}}],"collection":[{"href":"https:\/\/3adanismanlik.com\/index.php\/wp-json\/wp\/v2\/pages"}],"about":[{"href":"https:\/\/3adanismanlik.com\/index.php\/wp-json\/wp\/v2\/types\/page"}],"author":[{"embeddable":true,"href":"https:\/\/3adanismanlik.com\/index.php\/wp-json\/wp\/v2\/users\/1"}],"replies":[{"embeddable":true,"href":"https:\/\/3adanismanlik.com\/index.php\/wp-json\/wp\/v2\/comments?post=21"}],"version-history":[{"count":3,"href":"https:\/\/3adanismanlik.com\/index.php\/wp-json\/wp\/v2\/pages\/21\/revisions"}],"predecessor-version":[{"id":89,"href":"https:\/\/3adanismanlik.com\/index.php\/wp-json\/wp\/v2\/pages\/21\/revisions\/89"}],"wp:attachment":[{"href":"https:\/\/3adanismanlik.com\/index.php\/wp-json\/wp\/v2\/media?parent=21"}],"curies":[{"name":"wp","href":"https:\/\/api.w.org\/{rel}","templated":true}]}}