{"id":26,"date":"2025-05-30T08:00:58","date_gmt":"2025-05-30T05:00:58","guid":{"rendered":"http:\/\/3adanismanlik.com\/?page_id=26"},"modified":"2025-06-01T11:26:39","modified_gmt":"2025-06-01T08:26:39","slug":"iletisim","status":"publish","type":"page","link":"https:\/\/3adanismanlik.com\/index.php\/iletisim\/","title":{"rendered":"\u0130LET\u0130\u015e\u0130M"},"content":{"rendered":"\n<p><iframe loading=\"lazy\" style=\"border: 0;\" src=\"https:\/\/www.google.com\/maps\/embed?pb=!1m18!1m12!1m3!1d102101.70194395383!2d30.6355323282211!3d36.89804626608989!2m3!1f0!2f0!3f0!3m2!1i1024!2i768!4f13.1!3m3!1m2!1s0x14c39aaeddadadc1%3A0x95c69f73f9e32e33!2sAntalya!5e0!3m2!1str!2str!4v1748581866203!5m2!1str!2str\" width=\"1200\" height=\"350\" allowfullscreen=\"allowfullscreen\"><\/iframe><\/p>\n<p>Tel:<\/p>\n<p>+90 555 897 15 55<\/p>\n<p>Mail:<\/p>\n<p>info@3adanismanlik.com<\/p>\n<p>Adres:<\/p>\n<p>K\u0131z\u0131lsaray Mah. Yener Ulusoy Blv. Nazmi Okudur \u0130\u015f Mrk. No:56 Daire: 501 Muratpa\u015fa \/ Antalya<\/p>\n\n","protected":false},"excerpt":{"rendered":"","protected":false},"author":1,"featured_media":0,"parent":0,"menu_order":0,"comment_status":"closed","ping_status":"closed","template":"","meta":{"footnotes":""},"class_list":["post-26","page","type-page","status-publish","hentry"],"_links":{"self":[{"href":"https:\/\/3adanismanlik.com\/index.php\/wp-json\/wp\/v2\/pages\/26","targetHints":{"allow":["GET"]}}],"collection":[{"href":"https:\/\/3adanismanlik.com\/index.php\/wp-json\/wp\/v2\/pages"}],"about":[{"href":"https:\/\/3adanismanlik.com\/index.php\/wp-json\/wp\/v2\/types\/page"}],"author":[{"embeddable":true,"href":"https:\/\/3adanismanlik.com\/index.php\/wp-json\/wp\/v2\/users\/1"}],"replies":[{"embeddable":true,"href":"https:\/\/3adanismanlik.com\/index.php\/wp-json\/wp\/v2\/comments?post=26"}],"version-history":[{"count":4,"href":"https:\/\/3adanismanlik.com\/index.php\/wp-json\/wp\/v2\/pages\/26\/revisions"}],"predecessor-version":[{"id":85,"href":"https:\/\/3adanismanlik.com\/index.php\/wp-json\/wp\/v2\/pages\/26\/revisions\/85"}],"wp:attachment":[{"href":"https:\/\/3adanismanlik.com\/index.php\/wp-json\/wp\/v2\/media?parent=26"}],"curies":[{"name":"wp","href":"https:\/\/api.w.org\/{rel}","templated":true}]}}