{"id":28,"date":"2025-05-30T08:01:24","date_gmt":"2025-05-30T05:01:24","guid":{"rendered":"http:\/\/3adanismanlik.com\/?page_id=28"},"modified":"2025-06-01T12:00:46","modified_gmt":"2025-06-01T09:00:46","slug":"referanslar","status":"publish","type":"page","link":"https:\/\/3adanismanlik.com\/index.php\/referanslar\/","title":{"rendered":"REFERANSLAR"},"content":{"rendered":"\n<div class=\"slider-wrapper relative\" id=\"slider-499930994\" >\n    <div class=\"slider slider-nav-circle slider-nav-large slider-nav-light slider-style-normal\"\n        data-flickity-options='{\n            \"cellAlign\": \"center\",\n            \"imagesLoaded\": true,\n            \"lazyLoad\": 1,\n            \"freeScroll\": false,\n            \"wrapAround\": true,\n            \"autoPlay\": 6000,\n            \"pauseAutoPlayOnHover\" : true,\n            \"prevNextButtons\": true,\n            \"contain\" : true,\n            \"adaptiveHeight\" : true,\n            \"dragThreshold\" : 10,\n            \"percentPosition\": true,\n            \"pageDots\": true,\n            \"rightToLeft\": false,\n            \"draggable\": true,\n            \"selectedAttraction\": 0.1,\n            \"parallax\" : 0,\n            \"friction\": 0.6        }'\n        >\n        \n\n\n  <div class=\"banner has-hover is-full-height\" id=\"banner-799614568\">\n          <div class=\"banner-inner fill\">\n        <div class=\"banner-bg fill\" >\n                                    <div class=\"overlay\"><\/div>            \n                    <\/div>\n\t\t\n        <div class=\"banner-layers container\">\n            <div class=\"fill banner-link\"><\/div>            \n\n   <div id=\"text-box-1258579392\" class=\"text-box banner-layer x50 md-x50 lg-x50 y50 md-y50 lg-y50 res-text\">\n              <div data-parallax=\"-1\" data-parallax-fade=\"true\">       <div data-animate=\"bounceIn\">           <div class=\"text-box-content text dark\">\n              \n              <div class=\"text-inner text-center\">\n                  \n\n<p class=\"alt-font\"><span style=\"font-size: 160%;\">Now Online!<\/span><\/p>\n<h2 class=\"uppercase\"><strong><span style=\"font-size: 200%;\" data-line-height=\"xs\">BIG SalE<\/span><\/strong><\/h2>\n<h3 class=\"lead uppercase\">up to <strong>70%<\/strong> off<\/h3>\n<div class=\"container section-title-container\" ><h3 class=\"section-title section-title-normal\"><b><\/b><span class=\"section-title-main\" >Lorem ipsum dolor sit amet...<\/span><b><\/b><\/h3><\/div>\n\n<a class=\"button primary\"  style=\"border-radius:99px;\">\n\t\t<span>Shop Now<\/span>\n\t<\/a>\n\n\n\n              <\/div>\n           <\/div>\n       <\/div>       <\/div>              \n<style>\n#text-box-1258579392 {\n  width: 80%;\n}\n#text-box-1258579392 .text-box-content {\n  font-size: 100%;\n}\n@media (min-width:550px) {\n  #text-box-1258579392 {\n    width: 52%;\n  }\n}\n<\/style>\n    <\/div>\n \n\n        <\/div>\n      <\/div>\n\n            \n<style>\n#banner-799614568 {\n  padding-top: 100%;\n}\n#banner-799614568 .overlay {\n  background-color: rgba(0, 0, 0, 0.31);\n}\n#banner-799614568 .banner-bg img {\n  object-position: 68% 27%;\n}\n<\/style>\n  <\/div>\n\n\n\n  <div class=\"banner has-hover is-full-height\" id=\"banner-1701938271\">\n          <div class=\"banner-inner fill\">\n        <div class=\"banner-bg fill\" >\n                                    <div class=\"overlay\"><\/div>            \n                    <\/div>\n\t\t\n        <div class=\"banner-layers container\">\n            <div class=\"fill banner-link\"><\/div>            \n\n   <div id=\"text-box-348264335\" class=\"text-box banner-layer x5 md-x80 lg-x80 y50 md-y90 lg-y90 res-text\">\n              <div data-parallax=\"-1\" data-parallax-fade=\"true\">       <div data-animate=\"fadeInUp\">           <div class=\"text-box-content text dark\">\n              \n              <div class=\"text-inner text-left\">\n                  \n\n\t<div id=\"text-485752072\" class=\"text\">\n\t\t\n\n<p>RAXXA GROUP<\/p>\n\t\t\n<style>\n#text-485752072 {\n  text-align: center;\n}\n<\/style>\n\t<\/div>\n\t\n\t<div class=\"img has-hover x md-x lg-x y md-y lg-y\" id=\"image_1999026716\">\n\t\t\t\t\t\t\t\t<div class=\"img-inner dark\" >\n\t\t\t<img loading=\"lazy\" decoding=\"async\" width=\"1020\" height=\"574\" src=\"https:\/\/3adanismanlik.com\/wp-content\/uploads\/2025\/06\/Yesil-ve-Beyaz-Modern-ve-Kurumsal-Surdurulebilirlik-Markasi-Is-Plani-Sunum-1-1024x576.png\" class=\"attachment-large size-large\" alt=\"\" srcset=\"https:\/\/3adanismanlik.com\/wp-content\/uploads\/2025\/06\/Yesil-ve-Beyaz-Modern-ve-Kurumsal-Surdurulebilirlik-Markasi-Is-Plani-Sunum-1-1024x576.png 1024w, https:\/\/3adanismanlik.com\/wp-content\/uploads\/2025\/06\/Yesil-ve-Beyaz-Modern-ve-Kurumsal-Surdurulebilirlik-Markasi-Is-Plani-Sunum-1-300x169.png 300w, https:\/\/3adanismanlik.com\/wp-content\/uploads\/2025\/06\/Yesil-ve-Beyaz-Modern-ve-Kurumsal-Surdurulebilirlik-Markasi-Is-Plani-Sunum-1-768x432.png 768w, https:\/\/3adanismanlik.com\/wp-content\/uploads\/2025\/06\/Yesil-ve-Beyaz-Modern-ve-Kurumsal-Surdurulebilirlik-Markasi-Is-Plani-Sunum-1-1536x864.png 1536w, https:\/\/3adanismanlik.com\/wp-content\/uploads\/2025\/06\/Yesil-ve-Beyaz-Modern-ve-Kurumsal-Surdurulebilirlik-Markasi-Is-Plani-Sunum-1.png 1920w\" sizes=\"auto, (max-width: 1020px) 100vw, 1020px\" \/>\t\t\t\t\t\t\n\t\t\t\t\t<\/div>\n\t\t\t\t\t\t\t\t\n<style>\n#image_1999026716 {\n  width: 100%;\n}\n<\/style>\n\t<\/div>\n\t\n\n\n              <\/div>\n           <\/div>\n       <\/div>       <\/div>              \n<style>\n#text-box-348264335 {\n  width: 77%;\n}\n#text-box-348264335 .text-box-content {\n  font-size: 100%;\n}\n@media (min-width:550px) {\n  #text-box-348264335 {\n    width: 52%;\n  }\n}\n<\/style>\n    <\/div>\n \n\n        <\/div>\n      <\/div>\n\n            \n<style>\n#banner-1701938271 {\n  padding-top: 100%;\n}\n#banner-1701938271 .overlay {\n  background-color: rgba(0, 0, 0, 0.13);\n}\n#banner-1701938271 .banner-bg img {\n  object-position: 68% 11%;\n}\n<\/style>\n  <\/div>\n\n\n\n     <\/div>\n\n     <div class=\"loading-spin dark large centered\"><\/div>\n\n\t<\/div>\n\n\n<div class=\"row row-collapse row-full-width\"  id=\"row-1540887473\">\n\n\n\t<div id=\"col-81598422\" class=\"col medium-4 small-12 large-4\"  >\n\t\t\t\t<div class=\"col-inner\"  >\n\t\t\t\n\t\t\t\n\n\n  <div class=\"banner has-hover bg-zoom-fade\" id=\"banner-1190977313\">\n          <div class=\"banner-inner fill\">\n        <div class=\"banner-bg fill\" >\n                                    <div class=\"overlay\"><\/div>            \n                    <\/div>\n\t\t\n        <div class=\"banner-layers container\">\n            <div class=\"fill banner-link\"><\/div>            \n\n   <div id=\"text-box-1362942128\" class=\"text-box banner-layer x50 md-x50 lg-x50 y50 md-y50 lg-y50 res-text\">\n                                <div class=\"text-box-content text dark\">\n              \n              <div class=\"text-inner text-center\">\n                  \n\n<h2 style=\"text-align: center;\" data-start=\"128\" data-end=\"181\"><strong data-start=\"134\" data-end=\"179\">D\u00fcnyay\u0131 Ke\u015ffetmenin Sanat\u0131<\/strong><\/h2>\n<p style=\"text-align: center;\" data-start=\"182\" data-end=\"212\"><strong data-start=\"182\" data-end=\"212\">Hayal Et \u2013 Planla \u2013 Ke\u015ffet<\/strong><\/p>\n<a class=\"button white is-outline\"  style=\"border-radius:99px;\">\n\t\t<span>Shop now<\/span>\n\t<\/a>\n\n\n\n              <\/div>\n           <\/div>\n                            \n<style>\n#text-box-1362942128 {\n  width: 75%;\n}\n#text-box-1362942128 .text-box-content {\n  font-size: 100%;\n}\n<\/style>\n    <\/div>\n \n\n        <\/div>\n      <\/div>\n\n            \n<style>\n#banner-1190977313 {\n  padding-top: 250px;\n}\n#banner-1190977313 .overlay {\n  background-color: rgba(0, 0, 0, 0.12);\n}\n#banner-1190977313 .banner-bg img {\n  object-position: 42% 18%;\n}\n<\/style>\n  <\/div>\n\n\n\n\t\t<\/div>\n\t\t\t\t\t<\/div>\n\n\t\n\n\t<div id=\"col-1481343422\" class=\"col medium-4 small-12 large-4\"  >\n\t\t\t\t<div class=\"col-inner\"  >\n\t\t\t\n\t\t\t\n\n\n  <div class=\"banner has-hover bg-zoom-fade\" id=\"banner-325085565\">\n          <div class=\"banner-inner fill\">\n        <div class=\"banner-bg fill\" >\n                                    <div class=\"overlay\"><\/div>            \n                    <\/div>\n\t\t\n        <div class=\"banner-layers container\">\n            <div class=\"fill banner-link\"><\/div>            \n\n   <div id=\"text-box-1024201336\" class=\"text-box banner-layer x10 md-x10 lg-x10 y50 md-y50 lg-y50 res-text\">\n                                <div class=\"text-box-content text dark\">\n              \n              <div class=\"text-inner text-left\">\n                  \n\n<h4 class=\"uppercase\">Summer 2017<\/h4>\n<h2 class=\"uppercase\"><strong>NEW Summer Trends<\/strong><\/h2>\n<a class=\"button white is-outline\"  style=\"border-radius:99px;\">\n\t\t<span>Shop now<\/span>\n\t<\/a>\n\n\n\n              <\/div>\n           <\/div>\n                            \n<style>\n#text-box-1024201336 {\n  width: 70%;\n}\n#text-box-1024201336 .text-box-content {\n  font-size: 100%;\n}\n<\/style>\n    <\/div>\n \n\n        <\/div>\n      <\/div>\n\n            \n<style>\n#banner-325085565 {\n  padding-top: 250px;\n}\n#banner-325085565 .overlay {\n  background-color: rgba(0, 0, 0, 0.2);\n}\n#banner-325085565 .banner-bg img {\n  object-position: 50% 57%;\n}\n<\/style>\n  <\/div>\n\n\n\n\t\t<\/div>\n\t\t\t\t\t<\/div>\n\n\t\n\n\t<div id=\"col-266589836\" class=\"col medium-4 small-12 large-4\"  >\n\t\t\t\t<div class=\"col-inner\"  >\n\t\t\t\n\t\t\t\n\n\n  <div class=\"banner has-hover bg-zoom-fade\" id=\"banner-1744682616\">\n          <div class=\"banner-inner fill\">\n        <div class=\"banner-bg fill\" >\n                                    <div class=\"overlay\"><\/div>            \n                    <\/div>\n\t\t\n        <div class=\"banner-layers container\">\n            <div class=\"fill banner-link\"><\/div>            \n\n   <div id=\"text-box-1026286388\" class=\"text-box banner-layer x90 md-x90 lg-x90 y50 md-y50 lg-y50 res-text\">\n                                <div class=\"text-box-content text \">\n              \n              <div class=\"text-inner text-right\">\n                  \n\n<h4 class=\"uppercase\">Summer 2017<\/h4>\n<h2 class=\"uppercase\"><strong>NEW Summer Trends<\/strong><\/h2>\n<a class=\"button white is-outline\"  style=\"border-radius:99px;\">\n\t\t<span>Shop now<\/span>\n\t<\/a>\n\n\n\n              <\/div>\n           <\/div>\n                            \n<style>\n#text-box-1026286388 {\n  width: 70%;\n}\n#text-box-1026286388 .text-box-content {\n  font-size: 100%;\n}\n<\/style>\n    <\/div>\n \n\n        <\/div>\n      <\/div>\n\n            \n<style>\n#banner-1744682616 {\n  padding-top: 250px;\n}\n#banner-1744682616 .overlay {\n  background-color: rgba(0, 0, 0, 0.13);\n}\n#banner-1744682616 .banner-bg img {\n  object-position: 31% 0%;\n}\n<\/style>\n  <\/div>\n\n\n\n\t\t<\/div>\n\t\t\t\t\t<\/div>\n\n\t\n\n<\/div>\n\n","protected":false},"excerpt":{"rendered":"","protected":false},"author":1,"featured_media":0,"parent":0,"menu_order":0,"comment_status":"closed","ping_status":"closed","template":"page-transparent-header-light.php","meta":{"footnotes":""},"class_list":["post-28","page","type-page","status-publish","hentry"],"_links":{"self":[{"href":"https:\/\/3adanismanlik.com\/index.php\/wp-json\/wp\/v2\/pages\/28","targetHints":{"allow":["GET"]}}],"collection":[{"href":"https:\/\/3adanismanlik.com\/index.php\/wp-json\/wp\/v2\/pages"}],"about":[{"href":"https:\/\/3adanismanlik.com\/index.php\/wp-json\/wp\/v2\/types\/page"}],"author":[{"embeddable":true,"href":"https:\/\/3adanismanlik.com\/index.php\/wp-json\/wp\/v2\/users\/1"}],"replies":[{"embeddable":true,"href":"https:\/\/3adanismanlik.com\/index.php\/wp-json\/wp\/v2\/comments?post=28"}],"version-history":[{"count":4,"href":"https:\/\/3adanismanlik.com\/index.php\/wp-json\/wp\/v2\/pages\/28\/revisions"}],"predecessor-version":[{"id":95,"href":"https:\/\/3adanismanlik.com\/index.php\/wp-json\/wp\/v2\/pages\/28\/revisions\/95"}],"wp:attachment":[{"href":"https:\/\/3adanismanlik.com\/index.php\/wp-json\/wp\/v2\/media?parent=28"}],"curies":[{"name":"wp","href":"https:\/\/api.w.org\/{rel}","templated":true}]}}